{"id":85,"date":"2020-05-29T22:48:15","date_gmt":"2020-05-29T20:48:15","guid":{"rendered":"http:\/\/www.eigen-production.de\/?page_id=85"},"modified":"2023-11-24T19:56:28","modified_gmt":"2023-11-24T18:56:28","slug":"was-es-sonst-noch-so-gibt","status":"publish","type":"page","link":"https:\/\/www.eigen-production.de\/index.php\/was-es-sonst-noch-so-gibt\/","title":{"rendered":"Kreativ"},"content":{"rendered":"\n<p>Wenn es die Zeit zul\u00e4sst und ich nicht gerade den Foto f\u00fcr Film- oder Fotoaufnahmen zur Hand habe, versuche ich mich andersweitig kreativ zu besch\u00e4ftigen.<\/p>\n\n\n\n<p>Als sparsame Schw\u00e4bin bin ich gerne auf der Suche, wie ich Dinge upcyceln kann, um sie so vor der M\u00fclltonne zu bewahren.<\/p>\n\n\n\n<p>Den Ansto\u00df gab mir eine liebe Freundin und Kollegin, die mir eine selbst modifizierte Jute-Tasche schenkte.<\/p>\n\n\n\n<p>Als N\u00e4hanf\u00e4ngerin wagte ich mich an dieses Projekt und inzwischen ist die eine oder andere <strong><em>eigen-produzierte<\/em><\/strong> <a href=\"http:\/\/www.eigen-production.de\/index.php\/was-es-sonst-noch-so-gibt\/jutetaschen\/\">upcycelte Jutetasche<\/a> entstanden.<\/p>\n\n\n\n<figure class=\"wp-block-image size-large\"><a href=\"http:\/\/www.eigen-production.de\/index.php\/was-es-sonst-noch-so-gibt\/jutetaschen\/\"><img loading=\"lazy\" decoding=\"async\" width=\"1024\" height=\"682\" src=\"http:\/\/www.eigen-production.de\/wp-content\/uploads\/2021\/03\/Tasche-20210214-MKV06302-1024x682.jpg\" alt=\"\" class=\"wp-image-324\" srcset=\"https:\/\/www.eigen-production.de\/wp-content\/uploads\/2021\/03\/Tasche-20210214-MKV06302-1024x682.jpg 1024w, https:\/\/www.eigen-production.de\/wp-content\/uploads\/2021\/03\/Tasche-20210214-MKV06302-300x200.jpg 300w, https:\/\/www.eigen-production.de\/wp-content\/uploads\/2021\/03\/Tasche-20210214-MKV06302-768x512.jpg 768w, https:\/\/www.eigen-production.de\/wp-content\/uploads\/2021\/03\/Tasche-20210214-MKV06302-1536x1024.jpg 1536w, https:\/\/www.eigen-production.de\/wp-content\/uploads\/2021\/03\/Tasche-20210214-MKV06302-120x80.jpg 120w, https:\/\/www.eigen-production.de\/wp-content\/uploads\/2021\/03\/Tasche-20210214-MKV06302.jpg 2000w\" sizes=\"auto, (max-width: 1024px) 100vw, 1024px\" \/><\/a><figcaption class=\"wp-element-caption\"><a href=\"http:\/\/www.eigen-production.de\/index.php\/was-es-sonst-noch-so-gibt\/jutetaschen\/\" data-type=\"URL\">Mehr Taschenbilder sind hier zu finden<\/a><\/figcaption><\/figure>\n\n\n\n<p>Nachdem es mit den Jutetaschen ganz gut klappte und ich mal kapiert habe, wie das mit der N\u00e4hmaschine funktioniert, konnte mich nichts mehr aufhalten. Ich habe mir die einen oder anderen <a href=\"http:\/\/www.eigen-production.de\/index.php\/was-es-sonst-noch-so-gibt\/helferlein\/\">Helferlein<\/a> f\u00fcr den allt\u00e4glichen Gebrauch gen\u00e4ht und teilweise auch schon gerne verschenkt. Hier z.B. meine Tasche f\u00fcr&#8217;s B\u00fcro. Recycelt aus Jeansstoff und einem alten Gartenm\u00f6bel-Sitzbezug.<\/p>\n\n\n\n<figure class=\"wp-block-image size-large\"><a href=\"http:\/\/www.eigen-production.de\/index.php\/was-es-sonst-noch-so-gibt\/helferlein\/\"><img loading=\"lazy\" decoding=\"async\" width=\"1024\" height=\"682\" src=\"http:\/\/www.eigen-production.de\/wp-content\/uploads\/2021\/10\/eigen-production-Arbeitskollege-1024x682.jpg\" alt=\"\" class=\"wp-image-363\" srcset=\"https:\/\/www.eigen-production.de\/wp-content\/uploads\/2021\/10\/eigen-production-Arbeitskollege-1024x682.jpg 1024w, https:\/\/www.eigen-production.de\/wp-content\/uploads\/2021\/10\/eigen-production-Arbeitskollege-300x200.jpg 300w, https:\/\/www.eigen-production.de\/wp-content\/uploads\/2021\/10\/eigen-production-Arbeitskollege-768x512.jpg 768w, https:\/\/www.eigen-production.de\/wp-content\/uploads\/2021\/10\/eigen-production-Arbeitskollege-1536x1024.jpg 1536w, https:\/\/www.eigen-production.de\/wp-content\/uploads\/2021\/10\/eigen-production-Arbeitskollege-2048x1365.jpg 2048w, https:\/\/www.eigen-production.de\/wp-content\/uploads\/2021\/10\/eigen-production-Arbeitskollege-120x80.jpg 120w\" sizes=\"auto, (max-width: 1024px) 100vw, 1024px\" \/><\/a><figcaption class=\"wp-element-caption\">Mehr <a href=\"http:\/\/www.eigen-production.de\/index.php\/was-es-sonst-noch-so-gibt\/helferlein\/\">Bilder von meinen Helferlein sind hier zu finden<\/a><\/figcaption><\/figure>\n\n\n\n<p>Und dann habe ich doch tats\u00e4chlich einen f\u00fcr mich nicht erwarteten Schritt getan. Hatte ich im M\u00e4rz 2021 noch in voller \u00dcberzeugung gesagt, dass ich mir auf KEINEN FALL <a href=\"http:\/\/www.eigen-production.de\/index.php\/was-es-sonst-noch-so-gibt\/eigen-production-kollektion\/\">Kleidung<\/a> selbst n\u00e4hen m\u00f6chte &#8211; BAMMM!!! Schon war das erste Kleidungsst\u00fcck gen\u00e4ht.<br>Ich hatte mir eine Wolljacke bestellt und als ich sie so betrachtete dachte ich mir &#8211; &#8222;&#8230;na, so schwer sollte die nicht zu n\u00e4hen sein&#8220; Anhand der Jacke habe ich mir ein eigenes Schnittmuster gebastelt und mit Materialien, die aus der Schneider-Karriere meiner Mutter noch im Hause waren, losgelegt. Es hat mich nicht nur einige Stunden und Nerven gekostet, aber am Ende war ich unheimlich stolz.<\/p>\n\n\n\n<figure class=\"wp-block-image size-large is-style-default\"><a href=\"http:\/\/www.eigen-production.de\/index.php\/was-es-sonst-noch-so-gibt\/eigen-production-kollektion\/\"><img loading=\"lazy\" decoding=\"async\" width=\"1024\" height=\"1024\" src=\"http:\/\/www.eigen-production.de\/wp-content\/uploads\/2021\/10\/1622797857907-1024x1024.jpg\" alt=\"\" class=\"wp-image-364\" srcset=\"https:\/\/www.eigen-production.de\/wp-content\/uploads\/2021\/10\/1622797857907-1024x1024.jpg 1024w, https:\/\/www.eigen-production.de\/wp-content\/uploads\/2021\/10\/1622797857907-300x300.jpg 300w, https:\/\/www.eigen-production.de\/wp-content\/uploads\/2021\/10\/1622797857907-150x150.jpg 150w, https:\/\/www.eigen-production.de\/wp-content\/uploads\/2021\/10\/1622797857907-768x768.jpg 768w, https:\/\/www.eigen-production.de\/wp-content\/uploads\/2021\/10\/1622797857907-1536x1536.jpg 1536w, https:\/\/www.eigen-production.de\/wp-content\/uploads\/2021\/10\/1622797857907-2048x2048.jpg 2048w, https:\/\/www.eigen-production.de\/wp-content\/uploads\/2021\/10\/1622797857907-80x80.jpg 80w\" sizes=\"auto, (max-width: 1024px) 100vw, 1024px\" \/><\/a><figcaption class=\"wp-element-caption\">Tja und das war nur der Anfang. <a href=\"http:\/\/www.eigen-production.de\/index.php\/was-es-sonst-noch-so-gibt\/eigen-production-kollektion\/\">Mehr aus meiner eigen-production-Kollektion ist hier zu finden<\/a><\/figcaption><\/figure>\n\n\n\n<p>Au\u00dfer den Taschen, den Helferlein und den Kleidungsst\u00fccken gibt es bei uns rund ums Haus immer wieder Holz unterschiedlichster Art.<br>Was daraus entstehen kann, ist bei meinen <a href=\"http:\/\/www.eigen-production.de\/index.php\/was-es-sonst-noch-so-gibt\/holzarbeiten\/\">Holzarbeiten<\/a> zu sehen.<\/p>\n\n\n\n<figure class=\"wp-block-image size-large\"><a href=\"http:\/\/www.eigen-production.de\/index.php\/was-es-sonst-noch-so-gibt\/holzarbeiten\"><img loading=\"lazy\" decoding=\"async\" width=\"1024\" height=\"683\" src=\"http:\/\/www.eigen-production.de\/wp-content\/uploads\/2021\/03\/Bildhalter-20210213-A7R07836-1024x683.jpg\" alt=\"\" class=\"wp-image-334\" srcset=\"https:\/\/www.eigen-production.de\/wp-content\/uploads\/2021\/03\/Bildhalter-20210213-A7R07836-1024x683.jpg 1024w, https:\/\/www.eigen-production.de\/wp-content\/uploads\/2021\/03\/Bildhalter-20210213-A7R07836-300x200.jpg 300w, https:\/\/www.eigen-production.de\/wp-content\/uploads\/2021\/03\/Bildhalter-20210213-A7R07836-768x512.jpg 768w, https:\/\/www.eigen-production.de\/wp-content\/uploads\/2021\/03\/Bildhalter-20210213-A7R07836-1536x1025.jpg 1536w, https:\/\/www.eigen-production.de\/wp-content\/uploads\/2021\/03\/Bildhalter-20210213-A7R07836-120x80.jpg 120w, https:\/\/www.eigen-production.de\/wp-content\/uploads\/2021\/03\/Bildhalter-20210213-A7R07836.jpg 2000w\" sizes=\"auto, (max-width: 1024px) 100vw, 1024px\" \/><\/a><figcaption class=\"wp-element-caption\"><a href=\"http:\/\/www.eigen-production.de\/index.php\/was-es-sonst-noch-so-gibt\/holzarbeiten\">Mehr zu meinen Holzarbeiten ist hier zu finden<\/a><\/figcaption><\/figure>\n\n\n\n<p>Weiter ging es, dass ich mir \u00fcberlegt habe, was ich aus dem ganzen <a href=\"http:\/\/www.eigen-production.de\/?page_id=342\">Verpackungsm\u00fcll<\/a> noch so machen kann. Sch\u00f6ne Umschl\u00e4ge und auch kleine Blument\u00f6pfe sind daraus schon entstanden.<\/p>\n\n\n\n<figure class=\"wp-block-image size-large\"><a href=\"http:\/\/www.eigen-production.de\/?page_id=342\"><img loading=\"lazy\" decoding=\"async\" width=\"1024\" height=\"683\" src=\"http:\/\/www.eigen-production.de\/wp-content\/uploads\/2021\/03\/Umschlag-20210209-A7R07818-1024x683.jpg\" alt=\"\" class=\"wp-image-340\" srcset=\"https:\/\/www.eigen-production.de\/wp-content\/uploads\/2021\/03\/Umschlag-20210209-A7R07818-1024x683.jpg 1024w, https:\/\/www.eigen-production.de\/wp-content\/uploads\/2021\/03\/Umschlag-20210209-A7R07818-300x200.jpg 300w, https:\/\/www.eigen-production.de\/wp-content\/uploads\/2021\/03\/Umschlag-20210209-A7R07818-768x512.jpg 768w, https:\/\/www.eigen-production.de\/wp-content\/uploads\/2021\/03\/Umschlag-20210209-A7R07818-1536x1025.jpg 1536w, https:\/\/www.eigen-production.de\/wp-content\/uploads\/2021\/03\/Umschlag-20210209-A7R07818-120x80.jpg 120w, https:\/\/www.eigen-production.de\/wp-content\/uploads\/2021\/03\/Umschlag-20210209-A7R07818.jpg 2000w\" sizes=\"auto, (max-width: 1024px) 100vw, 1024px\" \/><\/a><figcaption class=\"wp-element-caption\"><a href=\"http:\/\/www.eigen-production.de\/?page_id=342\">Mehr zum Upcycling von Verpackungsm\u00fcll ist hier zu finden<\/a><\/figcaption><\/figure>\n\n\n\n<p>Eine total entspannende und auch kreative Freizeitbesch\u00e4ftigung ist das <a href=\"http:\/\/www.eigen-production.de\/index.php\/was-es-sonst-noch-so-gibt\/lettering-handlettering\/\">LETTERING<\/a>. Genauer gesagt bei mir das <a href=\"http:\/\/www.eigen-production.de\/index.php\/was-es-sonst-noch-so-gibt\/lettering-handlettering\/\">HANDLETTERING<\/a>. Das hat mir schon immer suuuuuper gefallen und ich war immer sehr beeindruckt, wenn ich Werke von anderen gesehen habe. Nun habe ich mich selbst einmal dran gewagt und tats\u00e4chlich auch einen Online-Kurs hierzu durchgemacht (&#8230;na ja, ganz bin ich noch nicht durch &#8211; aber auf einem guten Weg). \u00dcbung macht den Meister &#8211; und so nutze ich nun alle m\u00f6glichen Gelegenheiten, mein neu Erlerntes anzubringen.<\/p>\n\n\n\n<figure class=\"wp-block-image size-large\"><a href=\"http:\/\/www.eigen-production.de\/index.php\/was-es-sonst-noch-so-gibt\/lettering-handlettering\/\"><img loading=\"lazy\" decoding=\"async\" width=\"1024\" height=\"682\" src=\"http:\/\/www.eigen-production.de\/wp-content\/uploads\/2022\/07\/20220415-VII01135-1024x682.jpg\" alt=\"\" class=\"wp-image-405\" srcset=\"https:\/\/www.eigen-production.de\/wp-content\/uploads\/2022\/07\/20220415-VII01135-1024x682.jpg 1024w, https:\/\/www.eigen-production.de\/wp-content\/uploads\/2022\/07\/20220415-VII01135-300x200.jpg 300w, https:\/\/www.eigen-production.de\/wp-content\/uploads\/2022\/07\/20220415-VII01135-768x512.jpg 768w, https:\/\/www.eigen-production.de\/wp-content\/uploads\/2022\/07\/20220415-VII01135-1536x1024.jpg 1536w, https:\/\/www.eigen-production.de\/wp-content\/uploads\/2022\/07\/20220415-VII01135-120x80.jpg 120w, https:\/\/www.eigen-production.de\/wp-content\/uploads\/2022\/07\/20220415-VII01135.jpg 2000w\" sizes=\"auto, (max-width: 1024px) 100vw, 1024px\" \/><\/a><\/figure>\n\n\n\n<p><a href=\"http:\/\/www.eigen-production.de\/index.php\/was-es-sonst-noch-so-gibt\/lettering-handlettering\/\">Mehr zum LETTERING \/ HANDLETTERING ist hier zu finden.<\/a><\/p>\n\n\n\n<p>Ein weiteres Upcycling-Projekt, welches eine eigene Seite verdient, ist mein <a href=\"http:\/\/www.eigen-production.de\/index.php\/was-es-sonst-noch-so-gibt\/flaschen\/\">Flaschen-Upcycling<\/a>. Das ist wie so vieles keine Erfindung von mir, aber ich habe da schon viele Varianten gesehen und dachte mir&#8230;. &#8222;Na, so schwer kann das nicht sein.&#8220; Und schon bin ich mitten im Flaschenwahn und freue mich, wenn mir Freunde, Bekannte, Nachbarn &#8230; jegliche Art von runden Flaschen (an eckige traue ich mich noch nicht) sammeln und mir vorbei bringen oder einfach vor die T\u00fcre stellen.<\/p>\n\n\n\n<div class=\"wp-block-columns is-layout-flex wp-container-core-columns-is-layout-9d6595d7 wp-block-columns-is-layout-flex\">\n<div class=\"wp-block-column is-layout-flow wp-block-column-is-layout-flow\" style=\"flex-basis:100%\">\n<figure class=\"wp-block-image size-full\"><a href=\"http:\/\/www.eigen-production.de\/index.php\/was-es-sonst-noch-so-gibt\/flaschen\/\"><img loading=\"lazy\" decoding=\"async\" width=\"533\" height=\"800\" src=\"http:\/\/www.eigen-production.de\/wp-content\/uploads\/2022\/07\/20220527-DSC00875_.jpg\" alt=\"\" class=\"wp-image-414\" srcset=\"https:\/\/www.eigen-production.de\/wp-content\/uploads\/2022\/07\/20220527-DSC00875_.jpg 533w, https:\/\/www.eigen-production.de\/wp-content\/uploads\/2022\/07\/20220527-DSC00875_-200x300.jpg 200w, https:\/\/www.eigen-production.de\/wp-content\/uploads\/2022\/07\/20220527-DSC00875_-53x80.jpg 53w\" sizes=\"auto, (max-width: 533px) 100vw, 533px\" \/><\/a><\/figure>\n<\/div>\n<\/div>\n\n\n\n<p><a href=\"http:\/\/www.eigen-production.de\/index.php\/was-es-sonst-noch-so-gibt\/flaschen\/\">Mehr zu meiner Flaschenverarbeitung ist hier zu finden.<\/a><\/p>\n","protected":false},"excerpt":{"rendered":"<p>Wenn es die Zeit zul\u00e4sst und ich nicht gerade den Foto f\u00fcr Film- oder Fotoaufnahmen zur Hand habe, versuche ich mich andersweitig kreativ zu besch\u00e4ftigen. Als sparsame Schw\u00e4bin bin ich gerne auf der Suche, wie ich Dinge upcyceln kann, um sie so vor der M\u00fclltonne zu bewahren. Den Ansto\u00df gab [&hellip;]<\/p>\n","protected":false},"author":1,"featured_media":0,"parent":0,"menu_order":0,"comment_status":"closed","ping_status":"closed","template":"","meta":{"footnotes":""},"class_list":["post-85","page","type-page","status-publish","hentry"],"_links":{"self":[{"href":"https:\/\/www.eigen-production.de\/index.php\/wp-json\/wp\/v2\/pages\/85","targetHints":{"allow":["GET"]}}],"collection":[{"href":"https:\/\/www.eigen-production.de\/index.php\/wp-json\/wp\/v2\/pages"}],"about":[{"href":"https:\/\/www.eigen-production.de\/index.php\/wp-json\/wp\/v2\/types\/page"}],"author":[{"embeddable":true,"href":"https:\/\/www.eigen-production.de\/index.php\/wp-json\/wp\/v2\/users\/1"}],"replies":[{"embeddable":true,"href":"https:\/\/www.eigen-production.de\/index.php\/wp-json\/wp\/v2\/comments?post=85"}],"version-history":[{"count":26,"href":"https:\/\/www.eigen-production.de\/index.php\/wp-json\/wp\/v2\/pages\/85\/revisions"}],"predecessor-version":[{"id":518,"href":"https:\/\/www.eigen-production.de\/index.php\/wp-json\/wp\/v2\/pages\/85\/revisions\/518"}],"wp:attachment":[{"href":"https:\/\/www.eigen-production.de\/index.php\/wp-json\/wp\/v2\/media?parent=85"}],"curies":[{"name":"wp","href":"https:\/\/api.w.org\/{rel}","templated":true}]}}