{"id":365,"date":"2021-10-11T17:31:56","date_gmt":"2021-10-11T15:31:56","guid":{"rendered":"http:\/\/www.eigen-production.de\/?page_id=365"},"modified":"2023-11-15T11:53:26","modified_gmt":"2023-11-15T10:53:26","slug":"helferlein","status":"publish","type":"page","link":"https:\/\/www.eigen-production.de\/index.php\/was-es-sonst-noch-so-gibt\/helferlein\/","title":{"rendered":"Helferlein"},"content":{"rendered":"\n<p>Nachdem das Umn\u00e4hen von Jutetaschen mir richtig Spa\u00df gemacht hat, habe ich mich im gro\u00dfen weiten Web auf die Suche gemacht, was ich mit Stoffresten oder ausgedienter Kleidung sonst noch so anstellen kann.<\/p>\n\n\n\n<p>Da w\u00e4ren z.B. Kissenbez\u00fcge aus Hemden. Ich finde, es macht besonders Spa\u00df, getragene Kleidung wieder zu verwenden. Nicht nur, dass man etwas &#8222;NEUES&#8220; &#8211; &#8222;ANDERES&#8220; daraus geschaffen hat &#8211; je nachdem wer der oder die Tr\u00e4ger\/in des Kleidungsst\u00fccks war, tr\u00e4gt man so immer ein St\u00fcck von der Person mit sich herum.<\/p>\n\n\n\n<style id=\"bwg-style-0\">      #bwg_container1_0 #bwg_container2_0 #bwg_mosaic_thumbnails_div_0 {        width: 100%;        position: relative;        background-color: rgba(255, 255, 255, 0.00);        text-align: center;        justify-content: center;                  margin-left: auto;          margin-right: auto;                    padding-left: 8px;          padding-top: 8px;                }          #bwg_container1_0 #bwg_container2_0 .bwg_mosaic_thumb_spun_0 {        display: block;        position: absolute;\t\t\t\tborder-radius: 2px;\t\t\t\tborder: 5px outset #CCCCCC;    \t\t    \t\tbackground-color:rgba(0,0,0, 0.30);        -moz-box-sizing: content-box !important;        -webkit-box-sizing: content-box !important;        box-sizing: content-box !important;      }\t\t\t#bwg_container1_0 #bwg_container2_0 .bwg_mosaic_thumb_0 {\t\t\t\tdisplay: block;\t\t\t\t-moz-box-sizing: content-box !important;\t\t\t\t-webkit-box-sizing: content-box !important;\t\t\t\tbox-sizing: content-box !important;\t\t\t\tmargin: 0;\t\t\t\topacity: 0.80;\t\t\t}      #bwg_container1_0 #bwg_container2_0 .bwg_mosaic_thumb_spun_0:hover {        opacity: 1;        backface-visibility: hidden;        -webkit-backface-visibility: hidden;        -moz-backface-visibility: hidden;        -ms-backface-visibility: hidden;        z-index: 102;      }\t      @media only screen and (min-width: 480px) {        #bwg_container1_0 #bwg_container2_0 .bwg_mosaic_thumb_spun_0:hover {          transform: rotate(2deg);          -ms-transform: rotate(2deg);          -webkit-transform: rotate(2deg);        }      }\t      #bwg_container1_0 #bwg_container2_0 .bwg_mosaic_thumbnails_0 {        background-color: rgba(255, 255, 255, 0.00);        font-size: 0;        position: relative;        text-align: center;        display: inline-block;        visibility: hidden;              }\t  \/*image title styles*\/      #bwg_container1_0 #bwg_container2_0 .bwg_mosaic_title_spun1_0,      #bwg_container1_0 #bwg_container2_0 .bwg-mosaic-thumbnails .bwg_ecommerce_spun1_0 {        position: absolute;        display: block;        opacity: 0;        box-sizing: border-box;        text-align: center;\t\t\t\ttop: 50%;\t\t\t\tleft: 50%;\t\t\t\ttransform: translate(-50%, -50%);      }      #bwg_container1_0 #bwg_container2_0 .bwg-mosaic-thumbnails .bwg_mosaic_title_spun2_0,      #bwg_container1_0 #bwg_container2_0 .bwg-mosaic-thumbnails .bwg_ecommerce_spun2_0 {\t\t    color: #9C9A9B;        font-family: Staatliches;        font-size: 30px;        font-weight: bold;        text-shadow: 0px 0px 0px #888888;        vertical-align: middle;        word-wrap: break-word;      }            .bwg_mosaic_play_icon_spun_0 {        display: table;        position: absolute;        left: -10000px;        top: 0px;        opacity: 0;      }      .bwg_mosaic_play_icon_0 {        color: #9C9A9B;        font-size: 60px;        vertical-align: middle;        display: table-cell !important;        z-index: 1;        text-align: center;        margin: 0 auto;      }      #bwg_container1_0 #bwg_container2_0 .bwg_gal_title_0 {        background-color: rgba(0, 0, 0, 0);        color: #9C9A9B;        display: block;        font-family: Staatliches;        font-size: 30px;        font-weight: bold;        padding: 15px;        text-shadow: ;        text-align: center;      }      <\/style>    <div id=\"bwg_container1_0\"         class=\"bwg_container bwg_thumbnail bwg_thumbnails_mosaic \"         data-right-click-protection=\"0\"         data-bwg=\"0\"         data-scroll=\"0\"         data-gallery-type=\"thumbnails_mosaic\"         data-gallery-view-type=\"thumbnails_mosaic\"         data-current-url=\"\/index.php\/wp-json\/wp\/v2\/pages\/365\"         data-lightbox-url=\"https:\/\/www.eigen-production.de\/wp-admin\/admin-ajax.php?action=GalleryBox&#038;current_view=0&#038;gallery_id=7&#038;tag=0&#038;theme_id=2&#038;shortcode_id=17&#038;sort_by=order&#038;order_by=asc&#038;current_url=%2Findex.php%2Fwp-json%2Fwp%2Fv2%2Fpages%2F365\"         data-gallery-id=\"7\"         data-popup-width=\"800\"         data-popup-height=\"500\"         data-is-album=\"gallery\"         data-buttons-position=\"bottom\">      <div id=\"bwg_container2_0\">             <div id=\"ajax_loading_0\" class=\"bwg_loading_div_1\">      <div class=\"bwg_loading_div_2\">        <div class=\"bwg_loading_div_3\">          <div id=\"loading_div_0\" class=\"bwg_spider_ajax_loading\">          <\/div>        <\/div>      <\/div>    <\/div>            <form id=\"gal_front_form_0\"              class=\"bwg-hidden\"              method=\"post\"              action=\"#\"              data-current=\"0\"              data-shortcode-id=\"17\"              data-gallery-type=\"thumbnails_mosaic\"              data-gallery-id=\"7\"              data-tag=\"0\"              data-album-id=\"0\"              data-theme-id=\"2\"              data-ajax-url=\"https:\/\/www.eigen-production.de\/wp-admin\/admin-ajax.php?action=bwg_frontend_data\">          <div id=\"bwg_container3_0\" class=\"bwg-background bwg-background-0\">            <style>        #bwg_container1_0 #bwg_container2_0 .bwg_gal_title_0 {          display: block;          padding: 15px;          background-color: rgba(0, 0, 0, 0);          line-height: 20px;          font-family: Staatliches;          font-size: 30px;          font-weight: bold;          color: #9C9A9B;          text-shadow: ;          text-align: center;        }        #bwg_container1_0 #bwg_container2_0 .bwg_gal_description_0 {          margin: 20px 0;          word-break: break-word;          text-align: justify;          font-size: 27px;          font-weight: unset;        }        <\/style>        <div class=\"bwg_gal_title_0\">HELFERLEIN<\/div>            <div id=\"bwg_mosaic_thumbnails_div_0\"         class=\"bwg-container-0 bwg-container bwg-mosaic-thumbnails\"         data-bwg=\"0\"         data-mosaic-direction=\"horizontal\"         data-resizable=\"0\"         data-width=\"250\"         data-height=\"250\"         data-total-width=\"100\"         data-block-id=\"bwg_thumbnails_mosaic_0\"         data-thumb-padding=\"8\"         data-thumb-border=\"5\"         data-title-margin=\"2px\"         data-image-title=\"none\"         data-play-icon=\"1\"         data-ecommerce-icon=\"none\"         data-gallery-id=\"7\"         data-lightbox-url=\"https:\/\/www.eigen-production.de\/wp-admin\/admin-ajax.php?action=GalleryBox&#038;current_view=0&#038;gallery_id=7&#038;tag=0&#038;theme_id=2&#038;shortcode_id=17&#038;sort_by=order&#038;order_by=asc&#038;current_url=%2Findex.php%2Fwp-json%2Fwp%2Fv2%2Fpages%2F365\"         data-mosaic-thumb-transition=\"1\"         style=\"visibility: hidden\" >      <div id=\"bwg_thumbnails_mosaic_0\" class=\"bwg_mosaic_thumbnails_0\">                  <a  class=\"bwg-a bwg_lightbox bwg_lightbox_0\" href=\"https:\/\/www.eigen-production.de\/wp-content\/uploads\/photo-gallery\/Helferlein\/20211104_180959-01.jpeg?bwg=1700852724\" data-image-id=\"153\" data-elementor-open-lightbox=\"no\">          <div class=\"bwg_mosaic_thumb_spun_0 bwg-item0 bwg-mosaic-thumb-span \">            <img decoding=\"async\" class=\"bwg_mosaic_thumb_0 skip-lazy bwg_img_clear bwg_img_custom \"                 id=\"153\"                 src=\"https:\/\/www.eigen-production.de\/wp-content\/uploads\/photo-gallery\/Helferlein\/thumb\/20211104_180959-01.jpeg?bwg=1700852724\"                 data-src=\"https:\/\/www.eigen-production.de\/wp-content\/uploads\/photo-gallery\/Helferlein\/thumb\/20211104_180959-01.jpeg?bwg=1700852724\"                 data-width=\"500.00\"                 data-height=\"375.00\"                 alt=\"Damit es auf dem Fr\u00fchst\u00fcckstisch gem\u00fctlich aussieht.\"                 title=\"Damit es auf dem Fr\u00fchst\u00fcckstisch gem\u00fctlich aussieht.\" \/>                      <\/div>        <\/a>                <a  class=\"bwg-a bwg_lightbox bwg_lightbox_0\" href=\"https:\/\/www.eigen-production.de\/wp-content\/uploads\/photo-gallery\/Helferlein\/20211102_211854-01.jpeg?bwg=1700852724\" data-image-id=\"149\" data-elementor-open-lightbox=\"no\">          <div class=\"bwg_mosaic_thumb_spun_0 bwg-item0 bwg-mosaic-thumb-span \">            <img decoding=\"async\" class=\"bwg_mosaic_thumb_0 skip-lazy bwg_img_clear bwg_img_custom \"                 id=\"149\"                 src=\"https:\/\/www.eigen-production.de\/wp-content\/uploads\/photo-gallery\/Helferlein\/thumb\/20211102_211854-01.jpeg?bwg=1700852724\"                 data-src=\"https:\/\/www.eigen-production.de\/wp-content\/uploads\/photo-gallery\/Helferlein\/thumb\/20211102_211854-01.jpeg?bwg=1700852724\"                 data-width=\"500.00\"                 data-height=\"375.00\"                 alt=\"Damit es auf dem Fr\u00fchst\u00fcckstisch gem\u00fctlich aussieht.\"                 title=\"Damit es auf dem Fr\u00fchst\u00fcckstisch gem\u00fctlich aussieht.\" \/>                      <\/div>        <\/a>                <a  class=\"bwg-a bwg_lightbox bwg_lightbox_0\" href=\"https:\/\/www.eigen-production.de\/wp-content\/uploads\/photo-gallery\/Helferlein\/1620158368945.jpg?bwg=1700852724\" data-image-id=\"155\" data-elementor-open-lightbox=\"no\">          <div class=\"bwg_mosaic_thumb_spun_0 bwg-item0 bwg-mosaic-thumb-span \">            <img decoding=\"async\" class=\"bwg_mosaic_thumb_0 skip-lazy bwg_img_clear bwg_img_custom \"                 id=\"155\"                 src=\"https:\/\/www.eigen-production.de\/wp-content\/uploads\/photo-gallery\/Helferlein\/thumb\/1620158368945.jpg?bwg=1700852724\"                 data-src=\"https:\/\/www.eigen-production.de\/wp-content\/uploads\/photo-gallery\/Helferlein\/thumb\/1620158368945.jpg?bwg=1700852724\"                 data-width=\"500.00\"                 data-height=\"333.00\"                 alt=\"Auch ein Handy m\u00f6chte einen gem\u00fctlichen Platz\"                 title=\"Auch ein Handy m\u00f6chte einen gem\u00fctlichen Platz\" \/>                      <\/div>        <\/a>                <a  class=\"bwg-a bwg_lightbox bwg_lightbox_0\" href=\"https:\/\/www.eigen-production.de\/wp-content\/uploads\/photo-gallery\/Helferlein\/20210420-A7R08185.jpg?bwg=1700852724\" data-image-id=\"150\" data-elementor-open-lightbox=\"no\">          <div class=\"bwg_mosaic_thumb_spun_0 bwg-item0 bwg-mosaic-thumb-span \">            <img decoding=\"async\" class=\"bwg_mosaic_thumb_0 skip-lazy bwg_img_clear bwg_img_custom \"                 id=\"150\"                 src=\"https:\/\/www.eigen-production.de\/wp-content\/uploads\/photo-gallery\/Helferlein\/thumb\/20210420-A7R08185.jpg?bwg=1700852724\"                 data-src=\"https:\/\/www.eigen-production.de\/wp-content\/uploads\/photo-gallery\/Helferlein\/thumb\/20210420-A7R08185.jpg?bwg=1700852724\"                 data-width=\"500.00\"                 data-height=\"333.00\"                 alt=\"Da k\u00f6nnen Masken drin verschwinden.\"                 title=\"Da k\u00f6nnen Masken drin verschwinden.\" \/>                      <\/div>        <\/a>                <a  class=\"bwg-a bwg_lightbox bwg_lightbox_0\" href=\"https:\/\/www.eigen-production.de\/wp-content\/uploads\/photo-gallery\/Helferlein\/20210420-A7R08181.jpg?bwg=1700852724\" data-image-id=\"154\" data-elementor-open-lightbox=\"no\">          <div class=\"bwg_mosaic_thumb_spun_0 bwg-item0 bwg-mosaic-thumb-span \">            <img decoding=\"async\" class=\"bwg_mosaic_thumb_0 skip-lazy bwg_img_clear bwg_img_custom \"                 id=\"154\"                 src=\"https:\/\/www.eigen-production.de\/wp-content\/uploads\/photo-gallery\/Helferlein\/thumb\/20210420-A7R08181.jpg?bwg=1700852724\"                 data-src=\"https:\/\/www.eigen-production.de\/wp-content\/uploads\/photo-gallery\/Helferlein\/thumb\/20210420-A7R08181.jpg?bwg=1700852724\"                 data-width=\"500.00\"                 data-height=\"333.00\"                 alt=\"Da k\u00f6nnen Masken drin verschwinden.\"                 title=\"Da k\u00f6nnen Masken drin verschwinden.\" \/>                      <\/div>        <\/a>                <a  class=\"bwg-a bwg_lightbox bwg_lightbox_0\" href=\"https:\/\/www.eigen-production.de\/wp-content\/uploads\/photo-gallery\/Helferlein\/20210910-kiko.jpg?bwg=1700852724\" data-image-id=\"152\" data-elementor-open-lightbox=\"no\">          <div class=\"bwg_mosaic_thumb_spun_0 bwg-item0 bwg-mosaic-thumb-span \">            <img decoding=\"async\" class=\"bwg_mosaic_thumb_0 skip-lazy bwg_img_clear bwg_img_custom \"                 id=\"152\"                 src=\"https:\/\/www.eigen-production.de\/wp-content\/uploads\/photo-gallery\/Helferlein\/thumb\/20210910-kiko.jpg?bwg=1700852724\"                 data-src=\"https:\/\/www.eigen-production.de\/wp-content\/uploads\/photo-gallery\/Helferlein\/thumb\/20210910-kiko.jpg?bwg=1700852724\"                 data-width=\"500.00\"                 data-height=\"500.00\"                 alt=\"Hemden mal anders im Einsatz.\"                 title=\"Hemden mal anders im Einsatz.\" \/>                      <\/div>        <\/a>                <a  class=\"bwg-a bwg_lightbox bwg_lightbox_0\" href=\"https:\/\/www.eigen-production.de\/wp-content\/uploads\/photo-gallery\/Helferlein\/eigen-production-arbeitskollege.jpg?bwg=1700852724\" data-image-id=\"156\" data-elementor-open-lightbox=\"no\">          <div class=\"bwg_mosaic_thumb_spun_0 bwg-item0 bwg-mosaic-thumb-span \">            <img decoding=\"async\" class=\"bwg_mosaic_thumb_0 skip-lazy bwg_img_clear bwg_img_custom \"                 id=\"156\"                 src=\"https:\/\/www.eigen-production.de\/wp-content\/uploads\/photo-gallery\/Helferlein\/thumb\/eigen-production-arbeitskollege.jpg?bwg=1700852724\"                 data-src=\"https:\/\/www.eigen-production.de\/wp-content\/uploads\/photo-gallery\/Helferlein\/thumb\/eigen-production-arbeitskollege.jpg?bwg=1700852724\"                 data-width=\"500.00\"                 data-height=\"333.00\"                 alt=\"Mein Begleiter zur Arbeit.\"                 title=\"Mein Begleiter zur Arbeit.\" \/>                      <\/div>        <\/a>                <a  class=\"bwg-a bwg_lightbox bwg_lightbox_0\" href=\"https:\/\/www.eigen-production.de\/wp-content\/uploads\/photo-gallery\/Helferlein\/1633784847599.jpg?bwg=1700852724\" data-image-id=\"158\" data-elementor-open-lightbox=\"no\">          <div class=\"bwg_mosaic_thumb_spun_0 bwg-item0 bwg-mosaic-thumb-span \">            <img decoding=\"async\" class=\"bwg_mosaic_thumb_0 skip-lazy bwg_img_clear bwg_img_custom \"                 id=\"158\"                 src=\"https:\/\/www.eigen-production.de\/wp-content\/uploads\/photo-gallery\/Helferlein\/thumb\/1633784847599.jpg?bwg=1700852724\"                 data-src=\"https:\/\/www.eigen-production.de\/wp-content\/uploads\/photo-gallery\/Helferlein\/thumb\/1633784847599.jpg?bwg=1700852724\"                 data-width=\"500.00\"                 data-height=\"500.00\"                 alt=\"Brillengarage\"                 title=\"Brillengarage\" \/>                      <\/div>        <\/a>                <a  class=\"bwg-a bwg_lightbox bwg_lightbox_0\" href=\"https:\/\/www.eigen-production.de\/wp-content\/uploads\/photo-gallery\/Helferlein\/1633784758259.jpg?bwg=1700852724\" data-image-id=\"157\" data-elementor-open-lightbox=\"no\">          <div class=\"bwg_mosaic_thumb_spun_0 bwg-item0 bwg-mosaic-thumb-span \">            <img decoding=\"async\" class=\"bwg_mosaic_thumb_0 skip-lazy bwg_img_clear bwg_img_custom \"                 id=\"157\"                 src=\"https:\/\/www.eigen-production.de\/wp-content\/uploads\/photo-gallery\/Helferlein\/thumb\/1633784758259.jpg?bwg=1700852724\"                 data-src=\"https:\/\/www.eigen-production.de\/wp-content\/uploads\/photo-gallery\/Helferlein\/thumb\/1633784758259.jpg?bwg=1700852724\"                 data-width=\"500.00\"                 data-height=\"500.00\"                 alt=\"Schutz f\u00fcr&#039;s Handy\"                 title=\"Schutz f\u00fcr&#039;s Handy\" \/>                      <\/div>        <\/a>                <a  class=\"bwg-a bwg_lightbox bwg_lightbox_0\" href=\"https:\/\/www.eigen-production.de\/wp-content\/uploads\/photo-gallery\/Helferlein\/20210513-A7R08316.jpg?bwg=1700852724\" data-image-id=\"151\" data-elementor-open-lightbox=\"no\">          <div class=\"bwg_mosaic_thumb_spun_0 bwg-item0 bwg-mosaic-thumb-span \">            <img decoding=\"async\" class=\"bwg_mosaic_thumb_0 skip-lazy bwg_img_clear bwg_img_custom \"                 id=\"151\"                 src=\"https:\/\/www.eigen-production.de\/wp-content\/uploads\/photo-gallery\/Helferlein\/thumb\/20210513-A7R08316.jpg?bwg=1700852724\"                 data-src=\"https:\/\/www.eigen-production.de\/wp-content\/uploads\/photo-gallery\/Helferlein\/thumb\/20210513-A7R08316.jpg?bwg=1700852724\"                 data-width=\"500.00\"                 data-height=\"333.00\"                 alt=\"Katzenkissen\"                 title=\"Katzenkissen\" \/>                      <\/div>        <\/a>                <a  class=\"bwg-a bwg_lightbox bwg_lightbox_0\" href=\"https:\/\/www.eigen-production.de\/wp-content\/uploads\/photo-gallery\/Helferlein\/20210513-A7R08307.jpg?bwg=1700852724\" data-image-id=\"147\" data-elementor-open-lightbox=\"no\">          <div class=\"bwg_mosaic_thumb_spun_0 bwg-item0 bwg-mosaic-thumb-span \">            <img decoding=\"async\" class=\"bwg_mosaic_thumb_0 skip-lazy bwg_img_clear bwg_img_custom \"                 id=\"147\"                 src=\"https:\/\/www.eigen-production.de\/wp-content\/uploads\/photo-gallery\/Helferlein\/thumb\/20210513-A7R08307.jpg?bwg=1700852724\"                 data-src=\"https:\/\/www.eigen-production.de\/wp-content\/uploads\/photo-gallery\/Helferlein\/thumb\/20210513-A7R08307.jpg?bwg=1700852724\"                 data-width=\"500.00\"                 data-height=\"333.00\"                 alt=\"Katzenkissen - Lieblingsplatz\"                 title=\"Katzenkissen - Lieblingsplatz\" \/>                      <\/div>        <\/a>                <a  class=\"bwg-a bwg_lightbox bwg_lightbox_0\" href=\"https:\/\/www.eigen-production.de\/wp-content\/uploads\/photo-gallery\/Helferlein\/20210513-A7R08314.jpg?bwg=1700852724\" data-image-id=\"148\" data-elementor-open-lightbox=\"no\">          <div class=\"bwg_mosaic_thumb_spun_0 bwg-item0 bwg-mosaic-thumb-span \">            <img decoding=\"async\" class=\"bwg_mosaic_thumb_0 skip-lazy bwg_img_clear bwg_img_custom \"                 id=\"148\"                 src=\"https:\/\/www.eigen-production.de\/wp-content\/uploads\/photo-gallery\/Helferlein\/thumb\/20210513-A7R08314.jpg?bwg=1700852724\"                 data-src=\"https:\/\/www.eigen-production.de\/wp-content\/uploads\/photo-gallery\/Helferlein\/thumb\/20210513-A7R08314.jpg?bwg=1700852724\"                 data-width=\"500.00\"                 data-height=\"333.00\"                 alt=\"Katzenkissen f\u00fcr einen guten Schlaf\"                 title=\"Katzenkissen f\u00fcr einen guten Schlaf\" \/>                      <\/div>        <\/a>            <\/div>    <\/div>    <style>      \/*pagination styles*\/      #bwg_container1_0 #bwg_container2_0 .tablenav-pages_0 {\t\t\t\ttext-align: center;\t\t\t\tfont-size: 12px;\t\t\t\tfont-family: Ubuntu;\t\t\t\tfont-weight: bold;\t\t\t\tcolor: #666666;\t\t\t\tmargin: 6px 0 4px;\t\t\t\tdisplay: block;      }      @media only screen and (max-width : 320px) {      #bwg_container1_0 #bwg_container2_0 .displaying-num_0 {     \t display: none;      }      }      #bwg_container1_0 #bwg_container2_0 .displaying-num_0 {\t\t\t\tfont-size: 12px;\t\t\t\tfont-family: Ubuntu;\t\t\t\tfont-weight: bold;\t\t\t\tcolor: #666666;\t\t\t\tmargin-right: 10px;\t\t\t\tvertical-align: middle;      }      #bwg_container1_0 #bwg_container2_0 .paging-input_0 {\t\t\t\tfont-size: 12px;\t\t\t\tfont-family: Ubuntu;\t\t\t\tfont-weight: bold;\t\t\t\tcolor: #666666;\t\t\t\tvertical-align: middle;      }      #bwg_container1_0 #bwg_container2_0 .tablenav-pages_0 a.disabled,      #bwg_container1_0 #bwg_container2_0 .tablenav-pages_0 a.disabled:hover,      #bwg_container1_0 #bwg_container2_0 .tablenav-pages_0 a.disabled:focus,\t\t\t#bwg_container1_0 #bwg_container2_0 .tablenav-pages_0 input.bwg_current_page {\t\t\t\tcursor: default;\t\t\t\tcolor: rgba(102, 102, 102, 0.5);      }      #bwg_container1_0 #bwg_container2_0 .tablenav-pages_0 a,      #bwg_container1_0 #bwg_container2_0 .tablenav-pages_0 input.bwg_current_page {\t\t\t\tcursor: pointer;\t\t\t\ttext-align: center;\t\t\t\tfont-size: 12px;\t\t\t\tfont-family: Ubuntu;\t\t\t\tfont-weight: bold;\t\t\t\tcolor: #666666;\t\t\t\ttext-decoration: none;\t\t\t\tpadding: 3px 6px;\t\t\t\tmargin: 0;\t\t\t\tborder-radius: 0;\t\t\t\tborder-style: none;\t\t\t\tborder-width: 1px;\t\t\t\tborder-color: #E3E3E3;\t\t\t\t\t\t\t\tbackground-color: rgba(252, 252, 252, 1.00);\t\t\t\tbox-shadow: 0;\t\t\t\ttransition: all 0.3s ease 0s;-webkit-transition: all 0.3s ease 0s;      }      <\/style>      <span class=\"bwg_nav_cont_0\">              <div class=\"tablenav-pages_0\">                  <\/div>                <input type=\"hidden\" id=\"page_number_0\" name=\"page_number_0\" value=\"1\" \/>      <script type=\"text\/javascript\">        if( jQuery('.bwg_nav_cont_0').length > 1 ) {          jQuery('.bwg_nav_cont_0').first().remove()        }        function spider_page_0(cur, x, y, load_more) {          if (typeof load_more == \"undefined\") {            var load_more = false;          }          if (jQuery(cur).hasClass('disabled')) {            return false;          }          var items_county_0 = 1;          switch (y) {            case 1:              if (x >= items_county_0) {                document.getElementById('page_number_0').value = items_county_0;              }              else {                document.getElementById('page_number_0').value = x + 1;              }              break;            case 2:              document.getElementById('page_number_0').value = items_county_0;              break;            case -1:              if (x == 1) {                document.getElementById('page_number_0').value = 1;              }              else {                document.getElementById('page_number_0').value = x - 1;              }              break;            case -2:              document.getElementById('page_number_0').value = 1;              break;\t\t\t\t\t\tcase 0:              document.getElementById('page_number_0').value = x;              break;            default:              document.getElementById('page_number_0').value = 1;          }          bwg_ajax('gal_front_form_0', '0', 'bwg_thumbnails_mosaic_0', '0', '', 'gallery', 0, '', '', load_more, '', 1);        }                    jQuery('.first-page-0').on('click', function () {              spider_page_0(this, 1, -2, 'numeric');              return false;            });            jQuery('.prev-page-0').on('click', function () {              spider_page_0(this, 1, -1, 'numeric');              return false;            });            jQuery('.next-page-0').on('click', function () {              spider_page_0(this, 1, 1, 'numeric');              return false;            });            jQuery('.last-page-0').on('click', function () {              spider_page_0(this, 1, 2, 'numeric');              return false;            });        \t\t\t\t\/* Change page on input enter. *\/        function bwg_change_page_0( e, that ) {          if (  e.key == 'Enter' ) {            var to_page = parseInt(jQuery(that).val());            var pages_count = jQuery(that).parents(\".pagination-links\").data(\"pages-count\");            var current_url_param = jQuery(that).attr('data-url-info');            if (to_page > pages_count) {              to_page = 1;            }\t \t\t\t\t\t\t\t\t\t\t\t\tspider_page_0(this, to_page, 0, 'numeric');\t\t\t\t\t\t\treturn false;\t\t\t\t\t\t          }          return true;        }        jQuery('.bwg_load_btn_0').on('click', function () {            spider_page_0(this, 1, 1, true);            return false;        });      <\/script>      <\/span>                <\/div>        <\/form>        <style>          #bwg_container1_0 #bwg_container2_0 #spider_popup_overlay_0 {          background-color: #000000;          opacity: 0.70;          }          <\/style>        <div id=\"bwg_spider_popup_loading_0\" class=\"bwg_spider_popup_loading\"><\/div>        <div id=\"spider_popup_overlay_0\" class=\"spider_popup_overlay\" onclick=\"spider_destroypopup(1000)\"><\/div>        <input type=\"hidden\" id=\"bwg_random_seed_0\" value=\"123324374\">                <\/div>    <\/div>    <script>      if (document.readyState === 'complete') {        if( typeof bwg_main_ready == 'function' ) {          if ( jQuery(\"#bwg_container1_0\").height() ) {            bwg_main_ready(jQuery(\"#bwg_container1_0\"));          }        }      } else {        document.addEventListener('DOMContentLoaded', function() {          if( typeof bwg_main_ready == 'function' ) {            if ( jQuery(\"#bwg_container1_0\").height() ) {             bwg_main_ready(jQuery(\"#bwg_container1_0\"));            }          }        });      }    <\/script>    \n","protected":false},"excerpt":{"rendered":"<p>Nachdem das Umn\u00e4hen von Jutetaschen mir richtig Spa\u00df gemacht hat, habe ich mich im gro\u00dfen weiten Web auf die Suche gemacht, was ich mit Stoffresten oder ausgedienter Kleidung sonst noch so anstellen kann. Da w\u00e4ren z.B. Kissenbez\u00fcge aus Hemden. Ich finde, es macht besonders Spa\u00df, getragene Kleidung wieder zu verwenden. [&hellip;]<\/p>\n","protected":false},"author":1,"featured_media":0,"parent":85,"menu_order":0,"comment_status":"closed","ping_status":"closed","template":"","meta":{"footnotes":""},"class_list":["post-365","page","type-page","status-publish","hentry"],"_links":{"self":[{"href":"https:\/\/www.eigen-production.de\/index.php\/wp-json\/wp\/v2\/pages\/365","targetHints":{"allow":["GET"]}}],"collection":[{"href":"https:\/\/www.eigen-production.de\/index.php\/wp-json\/wp\/v2\/pages"}],"about":[{"href":"https:\/\/www.eigen-production.de\/index.php\/wp-json\/wp\/v2\/types\/page"}],"author":[{"embeddable":true,"href":"https:\/\/www.eigen-production.de\/index.php\/wp-json\/wp\/v2\/users\/1"}],"replies":[{"embeddable":true,"href":"https:\/\/www.eigen-production.de\/index.php\/wp-json\/wp\/v2\/comments?post=365"}],"version-history":[{"count":4,"href":"https:\/\/www.eigen-production.de\/index.php\/wp-json\/wp\/v2\/pages\/365\/revisions"}],"predecessor-version":[{"id":472,"href":"https:\/\/www.eigen-production.de\/index.php\/wp-json\/wp\/v2\/pages\/365\/revisions\/472"}],"up":[{"embeddable":true,"href":"https:\/\/www.eigen-production.de\/index.php\/wp-json\/wp\/v2\/pages\/85"}],"wp:attachment":[{"href":"https:\/\/www.eigen-production.de\/index.php\/wp-json\/wp\/v2\/media?parent=365"}],"curies":[{"name":"wp","href":"https:\/\/api.w.org\/{rel}","templated":true}]}}