{"id":36,"date":"2020-05-29T20:48:24","date_gmt":"2020-05-29T18:48:24","guid":{"rendered":"http:\/\/www.eigen-production.de\/?page_id=36"},"modified":"2023-11-13T17:16:10","modified_gmt":"2023-11-13T16:16:10","slug":"impressum","status":"publish","type":"page","link":"https:\/\/www.eigen-production.de\/index.php\/impressum\/","title":{"rendered":"Impressum, Kontakt &#038; Datenschutzerkl\u00e4rung"},"content":{"rendered":"\n<p class=\"has-medium-font-size\"><strong>IMPRESSUM<\/strong><\/p>\n\n\n\n<p><strong>Inhaltlich verantwortlich<\/strong><\/p>\n\n\n\n<p><strong>Anke Eigen<\/strong><br><strong>Internet:<\/strong> http:\/\/www.eigen-production.de<br><strong>Mail:<\/strong> anke at eigen-production.de<\/p>\n\n\n\n<p><strong>Haftung f\u00fcr Inhalte<\/strong><\/p>\n\n\n\n<p>Anbieter sind f\u00fcr die eigenen Inhalte, die sie zur Nutzung bereithalten, nach den allgemeinen Gesetzen verantwortlich. Von diesen eigenen Inhalten sind Querverweise auf die von anderen Anbietern bereitgehaltenen Inhalte zu unterscheiden.<\/p>\n\n\n\n<p><strong>Haftung f\u00fcr Links<\/strong><\/p>\n\n\n\n<p>Mit Urteil vom 12. Mai 1998 hat das Landgericht Hamburg entschieden, dass mit Anbringung von Links die Inhalte der gelinkten Seite ggf. mit zu verantworten sind. Dies kann \u2013 so das Landgericht \u2013 nur dadurch verhindert werden, dass man sich von diesen Inhalten ausdr\u00fccklich distanziert. Sind auf dieser Seite Links zu anderen Seiten im Internet, so gilt f\u00fcr alle diese Links: Ich habe keinen Einfluss auf die Inhalte oder die Gestaltung der verlinkten Seiten. Ich \u00fcbernehme keinerlei Verantwortung f\u00fcr die Inhalte von Internetseiten, auf deren URL in diesen Seiten verwiesen wird. Diese Erkl\u00e4rung gilt f\u00fcr alle auf diesen Seiten angebrachten Links und f\u00fcr die Inhalte der Seiten, zu denen die angebrachten Links f\u00fchren. Die Aufnahme von Links auf andere URL\u2019s ist ein Service f\u00fcr meine Internet-Besucher und jederzeit widerrufbar. Sie beinhaltet keinen Rechtsanspruch auf Beibehalt.<\/p>\n\n\n\n<p><strong>Urheberrecht<\/strong><\/p>\n\n\n\n<p>Die durch mich erstellten Inhalte und Werke auf diesen Seiten&nbsp;unterliegen dem deutschen Urheberrecht. Die Vervielf\u00e4ltigung, Bearbeitung, Verbreitung und jede Art der Verwertung au\u00dferhalb der Grenzen des Urheberrechtes bed\u00fcrfen der schriftlichen Zustimmung von mir. Soweit die Inhalte auf dieser Seite nicht von mir erstellt wurden,&nbsp;werden die Urheberrechte Dritter beachtet. Insbesondere werden Inhalte Dritter als solche gekennzeichnet. Sollten Sie trotzdem auf eine Urheberrechtsverletzung aufmerksam werden, bitten ich Sie um einen entsprechenden Hinweis an die obige Mail-Adresse.&nbsp;Bei Bekanntwerden von Rechtsverletzungen werden ich derartige Inhalte umgehend entfernen.<\/p>\n\n\n\n<p class=\"has-medium-font-size\"><strong>Datenschutzerkl\u00e4rung<\/strong><\/p>\n\n\n\n<p>Die Adresse meiner Website ist: http:\/\/www.eigen-production.de.<\/p>\n\n\n\n<p><strong>Welche personenbezogenen Daten wir sammeln und warum wir sie sammeln<\/strong><\/p>\n\n\n\n<p>Standardm\u00e4ssig sammle ich keine personenbezogenen Daten. Schreibst du mir allerdings einen Kommentar oder nutzt ein Kontaktformular auf meiner Seite, so k\u00f6nnen die im Folgenden aufgef\u00fchrten Daten gesammelt werden.<\/p>\n\n\n\n<p><strong>Kommentare<\/strong><\/p>\n\n\n\n<p>Wenn Besucher Kommentare auf der Website schreiben, sammel ich die Daten, die im Kommentar-Formular angezeigt werden, au\u00dferdem die IP-Adresse des Besuchers und den User-Agent-String (damit wird der Browser identifiziert), um die Erkennung von Spam zu unterst\u00fctzen.<\/p>\n\n\n\n<p>Aus deiner E-Mail-Adresse kann eine anonymisierte Zeichenfolge erstellt (auch Hash genannt) und dem Gravatar-Dienst \u00fcbergeben werden, um zu pr\u00fcfen, ob du diesen benutzt. Die Datenschutzerkl\u00e4rung des Gravatar-Dienstes findest du hier: https:\/\/automattic.com\/privacy\/. Nachdem dein Kommentar freigegeben wurde, ist dein Profilbild \u00f6ffentlich im Kontext deines Kommentars sichtbar.<\/p>\n\n\n\n<p><strong>Kontaktformulare<\/strong><\/p>\n\n\n\n<p>Alle Daten, die du in das Kontaktformular eingibst und an mich \u00fcbermittelst werden durch mich gesammelt und nur f\u00fcr den Zweck der von dir initiierten Kontaktaufnahme verwendet. Die Daten werden solange von mir aufbewahrt, wie es f\u00fcr die gegenseitige Kontaktaufnahme erforderlich ist.<\/p>\n\n\n\n<p><strong>Cookies<\/strong><\/p>\n\n\n\n<p>Wenn du einen Kommentar auf meiner Website schreibst, kann das eine Einwilligung sein, deinen Namen, E-Mail-Adresse und Website in Cookies zu speichern. Dies ist eine Komfortfunktion, damit du nicht, wenn du einen weiteren Kommentar schreibst, all diese Daten erneut eingeben musst. Diese Cookies werden ein Jahr lang gespeichert.<\/p>\n\n\n\n<p><strong>Eingebettete Inhalte von anderen Websites<\/strong><\/p>\n\n\n\n<p>Beitr\u00e4ge auf dieser Website k\u00f6nnen eingebettete Inhalte beinhalten (z.&nbsp;B. Videos, Bilder, Beitr\u00e4ge etc.). Eingebettete Inhalte von anderen Websites verhalten sich exakt so, als ob der Besucher die andere Website besucht h\u00e4tte.<\/p>\n\n\n\n<p>Diese Websites k\u00f6nnen Daten \u00fcber dich sammeln, Cookies benutzen, zus\u00e4tzliche Tracking-Dienste von Dritten einbetten und deine Interaktion mit diesem eingebetteten Inhalt aufzeichnen, inklusive deiner Interaktion mit dem eingebetteten Inhalt, falls du ein Konto hast und auf dieser Website angemeldet bist.<\/p>\n\n\n\n<p><strong>Analysedienste<\/strong><\/p>\n\n\n\n<p>Aktuell sammle ich keine Analysedaten. Sollte durch die Aktualisierung dieser Website dies erfolgen, werde ich die Datenschutzerkl\u00e4rung dahingehend ab\u00e4ndern.<\/p>\n\n\n\n<p><strong>Mit wem ich deine Daten teilen<\/strong><\/p>\n\n\n\n<p>Wenn du einen Kommentar auf meiner Website hinterl\u00e4sst, werden diese Daten mit allen Besuchern der Website geteilt. Dar\u00fcber hinaus teile ich deine Daten nicht mit anderen Personen, Partnern oder Dienstleistern.<\/p>\n\n\n\n<p><strong>Wie lange ich deine Daten speichern<\/strong><\/p>\n\n\n\n<p>Wenn du einen Kommentar schreibst, wird dieser inklusive Metadaten zeitlich unbegrenzt gespeichert. Auf diese Art kann ich Folgekommentare automatisch erkennen und freigeben, anstelle sie in einer Moderations-Warteschlange festzuhalten.<\/p>\n\n\n\n<p><strong>Welche Rechte du an deinen Daten hast<\/strong><\/p>\n\n\n\n<p>Wenn du Kommentare geschrieben hast, kannst du einen Export deiner personenbezogenen Daten bei mir anfordern, inklusive aller Daten, die du mir mitgeteilt hast. Dar\u00fcber hinaus kannst du die L\u00f6schung aller personenbezogenen Daten, die ich von dir gespeichert habe, anfordern. Dies umfasst nicht die Daten, die ich aufgrund administrativer, rechtlicher oder sicherheitsrelevanter Notwendigkeiten aufbewahren muss.<\/p>\n\n\n\n<p><strong>Wohin ich deine Daten sende<\/strong><\/p>\n\n\n\n<p>Besucher-Kommentare k\u00f6nnten von einem automatisierten Dienst zur Spam-Erkennung untersucht werden.<\/p>\n","protected":false},"excerpt":{"rendered":"<p>IMPRESSUM Inhaltlich verantwortlich Anke EigenInternet: http:\/\/www.eigen-production.deMail: anke at eigen-production.de Haftung f\u00fcr Inhalte Anbieter sind f\u00fcr die eigenen Inhalte, die sie zur Nutzung bereithalten, nach den allgemeinen Gesetzen verantwortlich. Von diesen eigenen Inhalten sind Querverweise auf die von anderen Anbietern bereitgehaltenen Inhalte zu unterscheiden. Haftung f\u00fcr Links Mit Urteil vom 12. [&hellip;]<\/p>\n","protected":false},"author":1,"featured_media":0,"parent":0,"menu_order":0,"comment_status":"closed","ping_status":"closed","template":"","meta":{"footnotes":""},"class_list":["post-36","page","type-page","status-publish","hentry"],"_links":{"self":[{"href":"https:\/\/www.eigen-production.de\/index.php\/wp-json\/wp\/v2\/pages\/36","targetHints":{"allow":["GET"]}}],"collection":[{"href":"https:\/\/www.eigen-production.de\/index.php\/wp-json\/wp\/v2\/pages"}],"about":[{"href":"https:\/\/www.eigen-production.de\/index.php\/wp-json\/wp\/v2\/types\/page"}],"author":[{"embeddable":true,"href":"https:\/\/www.eigen-production.de\/index.php\/wp-json\/wp\/v2\/users\/1"}],"replies":[{"embeddable":true,"href":"https:\/\/www.eigen-production.de\/index.php\/wp-json\/wp\/v2\/comments?post=36"}],"version-history":[{"count":11,"href":"https:\/\/www.eigen-production.de\/index.php\/wp-json\/wp\/v2\/pages\/36\/revisions"}],"predecessor-version":[{"id":440,"href":"https:\/\/www.eigen-production.de\/index.php\/wp-json\/wp\/v2\/pages\/36\/revisions\/440"}],"wp:attachment":[{"href":"https:\/\/www.eigen-production.de\/index.php\/wp-json\/wp\/v2\/media?parent=36"}],"curies":[{"name":"wp","href":"https:\/\/api.w.org\/{rel}","templated":true}]}}